{"id":2,"date":"2020-06-30T10:02:58","date_gmt":"2020-06-30T08:02:58","guid":{"rendered":"http:\/\/lajca.com.pl\/?page_id=2"},"modified":"2021-09-01T20:22:29","modified_gmt":"2021-09-01T18:22:29","slug":"przykladowa-strona","status":"publish","type":"page","link":"http:\/\/lajca.com.pl\/?page_id=2","title":{"rendered":"Zasady zakupu"},"content":{"rendered":"\n<p><strong>DOSTAWA<\/strong><\/p>\n\n\n\n<p>Zam\u00f3wiony towar b\u0119dzie dostarczony w ci\u0105gu 48 godzin od jego potwierdzenia. Przyjmujemy zam\u00f3wienia codziennie od poniedzia\u0142ku do pi\u0105tku w godzinach od 08:00 do 17:00.<br>Oferta jest wa\u017cna tylko na terenie Polski.Cena przesy\u0142ki o wadze do 30 kg. \u00a0wynosi 30z\u0142 brutto. Przesy\u0142ka powy\u017cej 30 kg b\u0119dzie op\u0142acana wg cennika firmy kurierskiej Kolporter. <strong>Koszt dostarczenia przesy\u0142ki pokrywa zamawiaj\u0105cy<\/strong>.<\/p>\n\n\n\n<p><strong>CENA<\/strong><\/p>\n\n\n\n<p><strong>Na towar prezentowany w sklepie AUTO-CZ\u0118\u015aCI \u0141AJCA obowi\u0105zuj\u0105 ceny w PLN (z\u0142oty polski).<\/strong><br>Prezentowane przeliczniki walutowe mog\u0105 ulega\u0107 zmianie i powinny by\u0107 interpretowane, jako warto\u015bci przybli\u017cone.<\/p>\n\n\n\n<p><strong>ZWROTY I REKLAMACJE<\/strong><\/p>\n\n\n\n<p>Zwroty towaru b\u0119d\u0105 dokonywane wy\u0142\u0105cznie na podstawie dowodu zakupu, zgodnie z Ustaw\u0105 z dnia 2 marca 2000 r. (Dz.U. nr 22) o ochronie niekt\u00f3rych praw konsument\u00f3w oraz o odpowiedzialno\u015bci za szkod\u0119 wyrz\u0105dzon\u0105 przez produkt niebezpieczny.<br>W przypadku ujawnienia si\u0119 wady, towar nale\u017cy reklamowa\u0107 przede wszystkim u wystawcy gwarancji, lub je\u015bli takowej nie wystawiono na podstawie dowodu sprzeda\u017cy, po uprzednim ustaleniu zasad przes\u0142ania wadliwego towaru. W tym celu prosimy o kontakt pod numerem 0 552474101 codziennie od poniedzia\u0142ku do pi\u0105tku w godzinach od 08:00 do 17:00.<\/p>\n\n\n\n<p><strong>ZAM\u00d3WIENIA<\/strong><\/p>\n\n\n\n<p>Zam\u00f3wienia mo\u017cna sk\u0142ada\u0107 za pomoc\u0105:Sklepu internetowego\u00a0<a href=\"http:\/\/www.lajca.home.pl\/\">www.lajca.home.pl<\/a>,E-mailem na adres\u00a0<a href=\"mailto:lajca@lajca.home.pl\">lajca@lajca.home.pl<\/a>Faksem 0 552475848, codziennie od poniedzia\u0142ku do pi\u0105tku w godzinach od 08:00 do 17:00. <strong>Po przyj\u0119ciu zam\u00f3wienia (codziennie od poniedzia\u0142ku do pi\u0105tku w godzinach od 08:00 do 17:00) sprzedawca potwierdzi telefonicznie lub faksem zasady dostawy, dlatego koniecznym warunkiem realizacji zam\u00f3wienia jest podanie numeru telefonu.<br>Zam\u00f3wienia, kt\u00f3rych nie uda si\u0119 potwierdzi\u0107 w ci\u0105gu 48 godzin nie b\u0119d\u0105 realizowane.<\/strong><br>Zamawiaj\u0105cy otrzyma informacj\u0119 o d\u0142u\u017cszym terminie realizacji zam\u00f3wienia w przypadku braku towaru w magazynie.<\/p>\n\n\n\n<p><strong>SPOS\u00d3B ZAP\u0141ATY<\/strong><\/p>\n\n\n\n<p><strong>Za pobraniem:Nale\u017cno\u015b\u0107 za dostarczony towar pobiera kurier dostarczaj\u0105cy przesy\u0142k\u0119.<\/strong><br><strong>Przelew:<\/strong>&nbsp;Nale\u017cno\u015b\u0107 za zam\u00f3wiony towar nale\u017cy wp\u0142aci\u0107 przelewem ELIXIR na konto:<br>PKO BP S.A., numer 29 1020 1778 0000 2702 0060 5568.<br><strong>Zam\u00f3wienie b\u0119dzie zrealizowane w momencie wp\u0142ywu \u015brodk\u00f3w pieni\u0119\u017cnych na konto AUTO-CZ\u0118\u015aCI Sp. j. lub do kasy firmy.<br>Got\u00f3wka:<\/strong>&nbsp;Po dokonaniu wp\u0142aty\/przedp\u0142aty w kasie firmy i podaniu numeru dowodu KP.<br><strong>Faktur\u0119 VAT prze\u015blemy Pa\u0144stwu listem poleconym w dniu nadania towaru na adres dostawy okre\u015blony w zam\u00f3wieniu.<\/strong><\/p>\n\n\n\n<p><strong>PRZEGL\u0104DANIE STANU REALIZACJI ZAM\u00d3WIE\u0143<\/strong><\/p>\n\n\n\n<p>Po zalogowaniu si\u0119 do sklepu mo\u017cesz sprawdzi\u0107 stan realizacji twojego zam\u00f3wienia. <\/p>\n","protected":false},"excerpt":{"rendered":"<p>DOSTAWA Zam\u00f3wiony towar b\u0119dzie dostarczony w ci\u0105gu 48 godzin od jego potwierdzenia. Przyjmujemy zam\u00f3wienia codziennie od poniedzia\u0142ku do pi\u0105tku w godzinach od 08:00 do 17:00.Oferta&hellip;<\/p>\n","protected":false},"author":1,"featured_media":0,"parent":0,"menu_order":0,"comment_status":"closed","ping_status":"open","template":"","meta":{"footnotes":""},"class_list":["post-2","page","type-page","status-publish","hentry"],"_links":{"self":[{"href":"http:\/\/lajca.com.pl\/index.php?rest_route=\/wp\/v2\/pages\/2","targetHints":{"allow":["GET"]}}],"collection":[{"href":"http:\/\/lajca.com.pl\/index.php?rest_route=\/wp\/v2\/pages"}],"about":[{"href":"http:\/\/lajca.com.pl\/index.php?rest_route=\/wp\/v2\/types\/page"}],"author":[{"embeddable":true,"href":"http:\/\/lajca.com.pl\/index.php?rest_route=\/wp\/v2\/users\/1"}],"replies":[{"embeddable":true,"href":"http:\/\/lajca.com.pl\/index.php?rest_route=%2Fwp%2Fv2%2Fcomments&post=2"}],"version-history":[{"count":3,"href":"http:\/\/lajca.com.pl\/index.php?rest_route=\/wp\/v2\/pages\/2\/revisions"}],"predecessor-version":[{"id":1229,"href":"http:\/\/lajca.com.pl\/index.php?rest_route=\/wp\/v2\/pages\/2\/revisions\/1229"}],"wp:attachment":[{"href":"http:\/\/lajca.com.pl\/index.php?rest_route=%2Fwp%2Fv2%2Fmedia&parent=2"}],"curies":[{"name":"wp","href":"https:\/\/api.w.org\/{rel}","templated":true}]}}