{"id":318,"date":"2020-07-02T13:21:36","date_gmt":"2020-07-02T11:21:36","guid":{"rendered":"http:\/\/lajca.com.pl\/?page_id=318"},"modified":"2021-09-01T16:00:16","modified_gmt":"2021-09-01T14:00:16","slug":"strona-glowna-2","status":"publish","type":"page","link":"http:\/\/lajca.com.pl\/","title":{"rendered":"Strona g\u0142\u00f3wna"},"content":{"rendered":"\n<div class=\"wp-block-group\"><div class=\"wp-block-group__inner-container is-layout-flow wp-block-group-is-layout-flow\">\n<div>\n<\/div><\/div>\n\n\n\n<div class=\"wp-block-group\"><div class=\"wp-block-group__inner-container is-layout-flow wp-block-group-is-layout-flow\">\n<div class=\"wp-block-columns is-layout-flex wp-container-core-columns-is-layout-9d6595d7 wp-block-columns-is-layout-flex\">\n<div class=\"wp-block-column is-layout-flow wp-block-column-is-layout-flow\" style=\"flex-basis:100%\">\n<div class=\"wp-block-buttons is-layout-flex wp-block-buttons-is-layout-flex\">\n<div class=\"wp-block-button is-style-fill\"><a class=\"wp-block-button__link has-vivid-cyan-blue-background-color has-background\" href=\"http:\/\/lajca.com.pl\/?post_type=product\">Katalog produkt\u00f3w<\/a><\/div>\n<\/div>\n\n\n\n<hr class=\"wp-block-separator is-style-wide\"\/>\n\n\n\n<h1 class=\"wp-block-heading\"><strong><a style=\"color: #ff6900\" href=\"http:\/\/lajca.com.pl\/?page_id=610\">SKUP SAMOCHOD\u00d3W CI\u0118\u017bAROWYCH I CI\u0104GNIK\u00d3W SIOD\u0141OWYCH<\/a><\/strong><\/h1>\n\n\n\n<div class=\"wp-block-group\"><div class=\"wp-block-group__inner-container is-layout-flow wp-block-group-is-layout-flow\">\n<p>*sprawnych lub niekompletnych<\/p>\n<\/div><\/div>\n\n\n\n<hr class=\"wp-block-separator is-style-wide\"\/>\n\n\n\n<div class=\"wp-block-group\"><div class=\"wp-block-group__inner-container is-layout-flow wp-block-group-is-layout-flow\">\n<h1 class=\"wp-block-heading\">Oferujemy najlepsze ceny<\/h1>\n<\/div><\/div>\n\n\n\n<div class=\"wp-block-group\"><div class=\"wp-block-group__inner-container is-layout-flow wp-block-group-is-layout-flow\">\n<ul class=\"wp-block-list\"><li>profesjonalna wycena<\/li><li>szybki i sprawny odbi\u00f3r<\/li><li>dogodny system p\u0142atno\u015bci<\/li><\/ul>\n\n\n\n<p><\/p>\n<\/div><\/div>\n<\/div>\n\n\n\n<div class=\"wp-block-column is-layout-flow wp-block-column-is-layout-flow\" style=\"flex-basis:89.2%\">\n<div class=\"wp-block-group\"><div class=\"wp-block-group__inner-container is-layout-flow wp-block-group-is-layout-flow\">\n<figure class=\"wp-block-image\"><img decoding=\"async\" src=\"http:\/\/lajca.com.pl\/wp-content\/uploads\/2020\/07\/skup.jpg\" alt=\"\"\/><\/figure>\n<\/div><\/div>\n<\/div>\n<\/div>\n<\/div><\/div>\n","protected":false},"excerpt":{"rendered":"<p>SKUP SAMOCHOD\u00d3W CI\u0118\u017bAROWYCH I CI\u0104GNIK\u00d3W SIOD\u0141OWYCH *sprawnych lub niekompletnych Oferujemy najlepsze ceny profesjonalna wycena szybki i sprawny odbi\u00f3r dogodny system p\u0142atno\u015bci<\/p>\n","protected":false},"author":1,"featured_media":0,"parent":0,"menu_order":0,"comment_status":"closed","ping_status":"closed","template":"","meta":{"footnotes":""},"class_list":["post-318","page","type-page","status-publish","hentry"],"_links":{"self":[{"href":"http:\/\/lajca.com.pl\/index.php?rest_route=\/wp\/v2\/pages\/318","targetHints":{"allow":["GET"]}}],"collection":[{"href":"http:\/\/lajca.com.pl\/index.php?rest_route=\/wp\/v2\/pages"}],"about":[{"href":"http:\/\/lajca.com.pl\/index.php?rest_route=\/wp\/v2\/types\/page"}],"author":[{"embeddable":true,"href":"http:\/\/lajca.com.pl\/index.php?rest_route=\/wp\/v2\/users\/1"}],"replies":[{"embeddable":true,"href":"http:\/\/lajca.com.pl\/index.php?rest_route=%2Fwp%2Fv2%2Fcomments&post=318"}],"version-history":[{"count":99,"href":"http:\/\/lajca.com.pl\/index.php?rest_route=\/wp\/v2\/pages\/318\/revisions"}],"predecessor-version":[{"id":1200,"href":"http:\/\/lajca.com.pl\/index.php?rest_route=\/wp\/v2\/pages\/318\/revisions\/1200"}],"wp:attachment":[{"href":"http:\/\/lajca.com.pl\/index.php?rest_route=%2Fwp%2Fv2%2Fmedia&parent=318"}],"curies":[{"name":"wp","href":"https:\/\/api.w.org\/{rel}","templated":true}]}}