{"id":610,"date":"2020-07-05T13:07:57","date_gmt":"2020-07-05T11:07:57","guid":{"rendered":"http:\/\/lajca.com.pl\/?page_id=610"},"modified":"2020-07-15T11:42:29","modified_gmt":"2020-07-15T09:42:29","slug":"skup","status":"publish","type":"page","link":"http:\/\/lajca.com.pl\/?page_id=610","title":{"rendered":"Skup"},"content":{"rendered":"\n<div class=\"wp-block-group\"><div class=\"wp-block-group__inner-container is-layout-flow wp-block-group-is-layout-flow\">\n<div class=\"wp-block-columns is-layout-flex wp-container-core-columns-is-layout-9d6595d7 wp-block-columns-is-layout-flex\">\n<div class=\"wp-block-column is-layout-flow wp-block-column-is-layout-flow\" style=\"flex-basis:100%\">\n<div class=\"wp-block-group is-layout-flow wp-block-group-is-layout-flow\"><div class=\"wp-block-group__inner-container\"><\/div><\/div>\n\n\n\n<div class=\"wp-block-group\"><div class=\"wp-block-group__inner-container is-layout-flow wp-block-group-is-layout-flow\">\n<h1 class=\"wp-block-heading\">Oferujemy najlepsze ceny na skup samochod\u00f3w ci\u0119\u017carowych i ci\u0105gnik\u00f3w siod\u0142owych<\/h1>\n<\/div><\/div>\n\n\n\n<h2 class=\"has-vivid-cyan-blue-color has-text-color wp-block-heading\"><strong>MAN<\/strong><\/h2>\n\n\n\n<h2 class=\"has-vivid-cyan-blue-color has-text-color wp-block-heading\"><strong>MERCEDES<\/strong><\/h2>\n\n\n\n<h2 class=\"has-vivid-cyan-blue-color has-text-color wp-block-heading\"><strong>SCANIA<\/strong><\/h2>\n\n\n\n<div class=\"wp-block-group\"><div class=\"wp-block-group__inner-container is-layout-flow wp-block-group-is-layout-flow\">\n<ul class=\"wp-block-list\"><li>profesjonalna wycena<\/li><li>szybki i sprawny odbi\u00f3r<\/li><li>dogodny system p\u0142atno\u015bci<\/li><\/ul>\n\n\n\n<p>*sprawnych lub niekompletnych<\/p>\n\n\n\n<p><\/p>\n<\/div><\/div>\n<\/div>\n\n\n\n<div class=\"wp-block-column is-layout-flow wp-block-column-is-layout-flow\" style=\"flex-basis:89.2%\">\n<div class=\"wp-block-group\"><div class=\"wp-block-group__inner-container is-layout-flow wp-block-group-is-layout-flow\">\n<figure class=\"wp-block-image size-full is-resized is-style-default\"><img fetchpriority=\"high\" decoding=\"async\" src=\"http:\/\/lajca.com.pl\/wp-content\/uploads\/2020\/07\/skup.jpg\" alt=\"\" class=\"wp-image-580\" width=\"384\" height=\"431\" srcset=\"http:\/\/lajca.com.pl\/wp-content\/uploads\/2020\/07\/skup.jpg 969w, http:\/\/lajca.com.pl\/wp-content\/uploads\/2020\/07\/skup-300x337.jpg 300w, http:\/\/lajca.com.pl\/wp-content\/uploads\/2020\/07\/skup-600x674.jpg 600w, http:\/\/lajca.com.pl\/wp-content\/uploads\/2020\/07\/skup-267x300.jpg 267w, http:\/\/lajca.com.pl\/wp-content\/uploads\/2020\/07\/skup-911x1024.jpg 911w, http:\/\/lajca.com.pl\/wp-content\/uploads\/2020\/07\/skup-768x863.jpg 768w\" sizes=\"(max-width: 384px) 100vw, 384px\" \/><\/figure>\n<\/div><\/div>\n\n\n\n<div class=\"wp-block-group is-layout-flow wp-block-group-is-layout-flow\"><div class=\"wp-block-group__inner-container\"><\/div><\/div>\n<\/div>\n<\/div>\n<\/div><\/div>\n\n\n\n<h2 class=\"wp-block-heading\">W sprawie skupu prosimy o kontakt pod numerem:<\/h2>\n\n\n<h2 class=\"has-luminous-vivid-orange-color has-text-color\"><strong>+48 602 216 958 <\/strong><img decoding=\"async\" class=\"wp-image-866\" title=\"Rozm\u00f3wca mowi w j\u0119zyku polskim\" src=\"http:\/\/lajca.com.pl\/wp-content\/uploads\/2020\/07\/PL.png\" alt=\"Polish\" width=\"22\" height=\"22\" srcset=\"http:\/\/lajca.com.pl\/wp-content\/uploads\/2020\/07\/PL.png 453w, http:\/\/lajca.com.pl\/wp-content\/uploads\/2020\/07\/PL-300x300.png 300w, http:\/\/lajca.com.pl\/wp-content\/uploads\/2020\/07\/PL-100x100.png 100w, http:\/\/lajca.com.pl\/wp-content\/uploads\/2020\/07\/PL-416x416.png 416w, http:\/\/lajca.com.pl\/wp-content\/uploads\/2020\/07\/PL-150x150.png 150w\" sizes=\"(max-width: 22px) 100vw, 22px\" \/> <img decoding=\"async\" class=\"wp-image-866\" title=\"Der Gespr\u00e4chspartner spricht Deutsch\" src=\"http:\/\/lajca.com.pl\/wp-content\/uploads\/2020\/07\/DE.png\" alt=\"Deutch\" width=\"22\" height=\"22\" \/><\/h2>\n\n\n<p><\/p>\n","protected":false},"excerpt":{"rendered":"<p>Oferujemy najlepsze ceny na skup samochod\u00f3w ci\u0119\u017carowych i ci\u0105gnik\u00f3w siod\u0142owych MAN MERCEDES SCANIA profesjonalna wycena szybki i sprawny odbi\u00f3r dogodny system p\u0142atno\u015bci *sprawnych lub niekompletnych&hellip;<\/p>\n","protected":false},"author":1,"featured_media":0,"parent":0,"menu_order":0,"comment_status":"closed","ping_status":"closed","template":"","meta":{"footnotes":""},"class_list":["post-610","page","type-page","status-publish","hentry"],"_links":{"self":[{"href":"http:\/\/lajca.com.pl\/index.php?rest_route=\/wp\/v2\/pages\/610","targetHints":{"allow":["GET"]}}],"collection":[{"href":"http:\/\/lajca.com.pl\/index.php?rest_route=\/wp\/v2\/pages"}],"about":[{"href":"http:\/\/lajca.com.pl\/index.php?rest_route=\/wp\/v2\/types\/page"}],"author":[{"embeddable":true,"href":"http:\/\/lajca.com.pl\/index.php?rest_route=\/wp\/v2\/users\/1"}],"replies":[{"embeddable":true,"href":"http:\/\/lajca.com.pl\/index.php?rest_route=%2Fwp%2Fv2%2Fcomments&post=610"}],"version-history":[{"count":5,"href":"http:\/\/lajca.com.pl\/index.php?rest_route=\/wp\/v2\/pages\/610\/revisions"}],"predecessor-version":[{"id":882,"href":"http:\/\/lajca.com.pl\/index.php?rest_route=\/wp\/v2\/pages\/610\/revisions\/882"}],"wp:attachment":[{"href":"http:\/\/lajca.com.pl\/index.php?rest_route=%2Fwp%2Fv2%2Fmedia&parent=610"}],"curies":[{"name":"wp","href":"https:\/\/api.w.org\/{rel}","templated":true}]}}